{"id":35,"date":"2017-10-15T18:46:07","date_gmt":"2017-10-15T16:46:07","guid":{"rendered":"https:\/\/www.testaworld.pl\/?page_id=35"},"modified":"2020-12-07T18:00:24","modified_gmt":"2020-12-07T17:00:24","slug":"wspolpracakontakt","status":"publish","type":"page","link":"https:\/\/www.testaworld.pl\/index.php\/wspolpracakontakt\/","title":{"rendered":"Wsp\u00f3\u0142praca\/Kontakt"},"content":{"rendered":"<h1 style=\"text-align: center;\"><strong>Testaworld jest blogiem Lifestyle&#8217;owym. <\/strong><\/h1>\n<p style=\"text-align: center;\"><strong>Jako osoba ciekawa \u015bwiata testuj\u0119 i opisuj\u0119 na nim wszystko co mi w r\u0119ce popadnie \ud83d\ude42 S\u0105 to mi\u0119dzy innymi kosmetyk, zakupy, kuchnia, podr\u00f3\u017ce.<\/strong><br \/>\n<strong> Jem \u017cycie \u0142y\u017ckami i tutaj si\u0119 tym dziel\u0119 z Wami \ud83d\ude42<\/strong><br \/>\n<strong>Dodatkowo posty z bloga udost\u0119pniane s\u0105 tak\u017ce na<\/strong><br \/>\n<strong><a href=\"https:\/\/www.instagram.com\/testaworld\/\">Instagramie<\/a> (obserwuje mnie 417 os\u00f3b), <a href=\"https:\/\/www.facebook.com\/testaworld\/\">Facebooku<\/a> (jest nas 455 os\u00f3b) oraz na raczkuj\u0105cym <a href=\"https:\/\/www.tiktok.com\/@testaworld\">TikToku<\/a> ( jest nas 22 osoby).<\/strong><\/p>\n<p style=\"text-align: center;\"><strong>Na swoim blogu mog\u0119 zaproponowa\u0107 reklam\u0119 i r\u00f3\u017cne formy wsp\u00f3\u0142pracy, kt\u00f3re b\u0119d\u0119 rozpatrywa\u0142a indywidualnie.<br \/>\n<\/strong><strong>Ze swojej strony mog\u0119 zaoferowa\u0107:<\/strong><br \/>\n<strong>&#8211; Recenzje<br \/>\n&#8211; Testy<\/strong><br \/>\n<strong>&#8211; Wpisy sponsorowane <\/strong><br \/>\n<strong>&#8211; Banery reklamowe <\/strong><br \/>\n<strong>&#8211; Konkursy dla czytelnik\u00f3w <\/strong><br \/>\n<strong>&#8211; Relacj\u0119 z event\u00f3w <\/strong><br \/>\n<strong>Oczywi\u015bcie jestem otwarta na inne formy wsp\u00f3\u0142pracy.<\/strong><\/p>\n<p style=\"text-align: center;\"><strong>Statystyki z ostatniego miesi\u0105ca :<br \/>\n<a href=\"https:\/\/www.testaworld.pl\/wp-content\/uploads\/2020\/12\/Analytics-Wszystkie-dane-witryny-Odbiorcy-og\u00f3\u0142em-20201101-20201130.pdf\">Analytics Wszystkie dane witryny Odbiorcy og\u00f3\u0142em 20201101-20201130<\/a><br \/>\n<\/strong><strong>\u00a0<\/strong><strong>Serdecznie zapraszam do kontaktu :<\/strong><br \/>\n<strong>testaworld@interia.pl<\/strong><br \/>\n<strong>Maksymalnie do 24 godzin odpowiem na Twoj\u0105 wiadomo\u015b\u0107.<\/strong><\/p>\n<p style=\"text-align: center;\"><strong>Cze\u015b\u0107 jestem Ada i mi\u0142o mi, \u017ce zajrza\u0142a\u015b\/e\u015b do tej zak\u0142adki \ud83d\ude42<\/strong><\/p>\n","protected":false},"excerpt":{"rendered":"<p>Testaworld jest blogiem Lifestyle&#8217;owym. Jako osoba ciekawa \u015bwiata testuj\u0119 i opisuj\u0119 na nim wszystko co mi w r\u0119ce popadnie \ud83d\ude42 S\u0105 to mi\u0119dzy innymi kosmetyk, zakupy, kuchnia, podr\u00f3\u017ce. Jem \u017cycie \u0142y\u017ckami i tutaj si\u0119 tym dziel\u0119 z Wami \ud83d\ude42 Dodatkowo posty z bloga udost\u0119pniane s\u0105 tak\u017ce na Instagramie (obserwuje mnie 417 os\u00f3b), Facebooku (jest nas&hellip; <a class=\"more-link\" href=\"https:\/\/www.testaworld.pl\/index.php\/wspolpracakontakt\/\">Czytaj dalej <span class=\"screen-reader-text\">Wsp\u00f3\u0142praca\/Kontakt<\/span><\/a><\/p>\n","protected":false},"author":1,"featured_media":0,"parent":0,"menu_order":0,"comment_status":"closed","ping_status":"closed","template":"","meta":{"footnotes":""},"class_list":["post-35","page","type-page","status-publish","hentry","entry"],"yoast_head":"<!-- This site is optimized with the Yoast SEO plugin v27.4 - https:\/\/yoast.com\/product\/yoast-seo-wordpress\/ -->\n<title>Wsp\u00f3\u0142praca\/Kontakt - Testaworld<\/title>\n<meta name=\"robots\" content=\"index, follow, max-snippet:-1, max-image-preview:large, max-video-preview:-1\" \/>\n<link rel=\"canonical\" href=\"https:\/\/www.testaworld.pl\/index.php\/wspolpracakontakt\/\" \/>\n<meta property=\"og:locale\" content=\"pl_PL\" \/>\n<meta property=\"og:type\" content=\"article\" \/>\n<meta property=\"og:title\" content=\"Wsp\u00f3\u0142praca\/Kontakt - Testaworld\" \/>\n<meta property=\"og:description\" content=\"Testaworld jest blogiem Lifestyle&#8217;owym. Jako osoba ciekawa \u015bwiata testuj\u0119 i opisuj\u0119 na nim wszystko co mi w r\u0119ce popadnie \ud83d\ude42 S\u0105 to mi\u0119dzy innymi kosmetyk, zakupy, kuchnia, podr\u00f3\u017ce. Jem \u017cycie \u0142y\u017ckami i tutaj si\u0119 tym dziel\u0119 z Wami \ud83d\ude42 Dodatkowo posty z bloga udost\u0119pniane s\u0105 tak\u017ce na Instagramie (obserwuje mnie 417 os\u00f3b), Facebooku (jest nas&hellip; Czytaj dalej Wsp\u00f3\u0142praca\/Kontakt\" \/>\n<meta property=\"og:url\" content=\"https:\/\/www.testaworld.pl\/index.php\/wspolpracakontakt\/\" \/>\n<meta property=\"og:site_name\" content=\"Testaworld\" \/>\n<meta property=\"article:modified_time\" content=\"2020-12-07T17:00:24+00:00\" \/>\n<meta name=\"twitter:card\" content=\"summary_large_image\" \/>\n<meta name=\"twitter:site\" content=\"@testaworld\" \/>\n<meta name=\"twitter:label1\" content=\"Szacowany czas czytania\" \/>\n\t<meta name=\"twitter:data1\" content=\"1 minuta\" \/>\n<script type=\"application\/ld+json\" class=\"yoast-schema-graph\">{\"@context\":\"https:\\\/\\\/schema.org\",\"@graph\":[{\"@type\":\"WebPage\",\"@id\":\"https:\\\/\\\/www.testaworld.pl\\\/index.php\\\/wspolpracakontakt\\\/\",\"url\":\"https:\\\/\\\/www.testaworld.pl\\\/index.php\\\/wspolpracakontakt\\\/\",\"name\":\"Wsp\u00f3\u0142praca\\\/Kontakt - Testaworld\",\"isPartOf\":{\"@id\":\"https:\\\/\\\/www.testaworld.pl\\\/#website\"},\"datePublished\":\"2017-10-15T16:46:07+00:00\",\"dateModified\":\"2020-12-07T17:00:24+00:00\",\"breadcrumb\":{\"@id\":\"https:\\\/\\\/www.testaworld.pl\\\/index.php\\\/wspolpracakontakt\\\/#breadcrumb\"},\"inLanguage\":\"pl-PL\",\"potentialAction\":[{\"@type\":\"ReadAction\",\"target\":[\"https:\\\/\\\/www.testaworld.pl\\\/index.php\\\/wspolpracakontakt\\\/\"]}]},{\"@type\":\"BreadcrumbList\",\"@id\":\"https:\\\/\\\/www.testaworld.pl\\\/index.php\\\/wspolpracakontakt\\\/#breadcrumb\",\"itemListElement\":[{\"@type\":\"ListItem\",\"position\":1,\"name\":\"Strona g\u0142\u00f3wna\",\"item\":\"https:\\\/\\\/www.testaworld.pl\\\/\"},{\"@type\":\"ListItem\",\"position\":2,\"name\":\"Wsp\u00f3\u0142praca\\\/Kontakt\"}]},{\"@type\":\"WebSite\",\"@id\":\"https:\\\/\\\/www.testaworld.pl\\\/#website\",\"url\":\"https:\\\/\\\/www.testaworld.pl\\\/\",\"name\":\"Testaworld\",\"description\":\"Blog, kt&oacute;ry inspiruje do zabawy, tworzenia i odkrywania\",\"publisher\":{\"@id\":\"https:\\\/\\\/www.testaworld.pl\\\/#\\\/schema\\\/person\\\/8b29314a3dee0a0318578a67fb03c346\"},\"potentialAction\":[{\"@type\":\"SearchAction\",\"target\":{\"@type\":\"EntryPoint\",\"urlTemplate\":\"https:\\\/\\\/www.testaworld.pl\\\/?s={search_term_string}\"},\"query-input\":{\"@type\":\"PropertyValueSpecification\",\"valueRequired\":true,\"valueName\":\"search_term_string\"}}],\"inLanguage\":\"pl-PL\"},{\"@type\":[\"Person\",\"Organization\"],\"@id\":\"https:\\\/\\\/www.testaworld.pl\\\/#\\\/schema\\\/person\\\/8b29314a3dee0a0318578a67fb03c346\",\"name\":\"Adrianna\",\"image\":{\"@type\":\"ImageObject\",\"inLanguage\":\"pl-PL\",\"@id\":\"https:\\\/\\\/i0.wp.com\\\/www.testaworld.pl\\\/wp-content\\\/uploads\\\/2019\\\/03\\\/1-TESTaWorld-PNG-e1553782956716.png?fit=450%2C251&ssl=1\",\"url\":\"https:\\\/\\\/i0.wp.com\\\/www.testaworld.pl\\\/wp-content\\\/uploads\\\/2019\\\/03\\\/1-TESTaWorld-PNG-e1553782956716.png?fit=450%2C251&ssl=1\",\"contentUrl\":\"https:\\\/\\\/i0.wp.com\\\/www.testaworld.pl\\\/wp-content\\\/uploads\\\/2019\\\/03\\\/1-TESTaWorld-PNG-e1553782956716.png?fit=450%2C251&ssl=1\",\"width\":450,\"height\":251,\"caption\":\"Adrianna\"},\"logo\":{\"@id\":\"https:\\\/\\\/i0.wp.com\\\/www.testaworld.pl\\\/wp-content\\\/uploads\\\/2019\\\/03\\\/1-TESTaWorld-PNG-e1553782956716.png?fit=450%2C251&ssl=1\"}}]}<\/script>\n<!-- \/ Yoast SEO plugin. -->","yoast_head_json":{"title":"Wsp\u00f3\u0142praca\/Kontakt - Testaworld","robots":{"index":"index","follow":"follow","max-snippet":"max-snippet:-1","max-image-preview":"max-image-preview:large","max-video-preview":"max-video-preview:-1"},"canonical":"https:\/\/www.testaworld.pl\/index.php\/wspolpracakontakt\/","og_locale":"pl_PL","og_type":"article","og_title":"Wsp\u00f3\u0142praca\/Kontakt - Testaworld","og_description":"Testaworld jest blogiem Lifestyle&#8217;owym. Jako osoba ciekawa \u015bwiata testuj\u0119 i opisuj\u0119 na nim wszystko co mi w r\u0119ce popadnie \ud83d\ude42 S\u0105 to mi\u0119dzy innymi kosmetyk, zakupy, kuchnia, podr\u00f3\u017ce. Jem \u017cycie \u0142y\u017ckami i tutaj si\u0119 tym dziel\u0119 z Wami \ud83d\ude42 Dodatkowo posty z bloga udost\u0119pniane s\u0105 tak\u017ce na Instagramie (obserwuje mnie 417 os\u00f3b), Facebooku (jest nas&hellip; Czytaj dalej Wsp\u00f3\u0142praca\/Kontakt","og_url":"https:\/\/www.testaworld.pl\/index.php\/wspolpracakontakt\/","og_site_name":"Testaworld","article_modified_time":"2020-12-07T17:00:24+00:00","twitter_card":"summary_large_image","twitter_site":"@testaworld","twitter_misc":{"Szacowany czas czytania":"1 minuta"},"schema":{"@context":"https:\/\/schema.org","@graph":[{"@type":"WebPage","@id":"https:\/\/www.testaworld.pl\/index.php\/wspolpracakontakt\/","url":"https:\/\/www.testaworld.pl\/index.php\/wspolpracakontakt\/","name":"Wsp\u00f3\u0142praca\/Kontakt - Testaworld","isPartOf":{"@id":"https:\/\/www.testaworld.pl\/#website"},"datePublished":"2017-10-15T16:46:07+00:00","dateModified":"2020-12-07T17:00:24+00:00","breadcrumb":{"@id":"https:\/\/www.testaworld.pl\/index.php\/wspolpracakontakt\/#breadcrumb"},"inLanguage":"pl-PL","potentialAction":[{"@type":"ReadAction","target":["https:\/\/www.testaworld.pl\/index.php\/wspolpracakontakt\/"]}]},{"@type":"BreadcrumbList","@id":"https:\/\/www.testaworld.pl\/index.php\/wspolpracakontakt\/#breadcrumb","itemListElement":[{"@type":"ListItem","position":1,"name":"Strona g\u0142\u00f3wna","item":"https:\/\/www.testaworld.pl\/"},{"@type":"ListItem","position":2,"name":"Wsp\u00f3\u0142praca\/Kontakt"}]},{"@type":"WebSite","@id":"https:\/\/www.testaworld.pl\/#website","url":"https:\/\/www.testaworld.pl\/","name":"Testaworld","description":"Blog, kt&oacute;ry inspiruje do zabawy, tworzenia i odkrywania","publisher":{"@id":"https:\/\/www.testaworld.pl\/#\/schema\/person\/8b29314a3dee0a0318578a67fb03c346"},"potentialAction":[{"@type":"SearchAction","target":{"@type":"EntryPoint","urlTemplate":"https:\/\/www.testaworld.pl\/?s={search_term_string}"},"query-input":{"@type":"PropertyValueSpecification","valueRequired":true,"valueName":"search_term_string"}}],"inLanguage":"pl-PL"},{"@type":["Person","Organization"],"@id":"https:\/\/www.testaworld.pl\/#\/schema\/person\/8b29314a3dee0a0318578a67fb03c346","name":"Adrianna","image":{"@type":"ImageObject","inLanguage":"pl-PL","@id":"https:\/\/i0.wp.com\/www.testaworld.pl\/wp-content\/uploads\/2019\/03\/1-TESTaWorld-PNG-e1553782956716.png?fit=450%2C251&ssl=1","url":"https:\/\/i0.wp.com\/www.testaworld.pl\/wp-content\/uploads\/2019\/03\/1-TESTaWorld-PNG-e1553782956716.png?fit=450%2C251&ssl=1","contentUrl":"https:\/\/i0.wp.com\/www.testaworld.pl\/wp-content\/uploads\/2019\/03\/1-TESTaWorld-PNG-e1553782956716.png?fit=450%2C251&ssl=1","width":450,"height":251,"caption":"Adrianna"},"logo":{"@id":"https:\/\/i0.wp.com\/www.testaworld.pl\/wp-content\/uploads\/2019\/03\/1-TESTaWorld-PNG-e1553782956716.png?fit=450%2C251&ssl=1"}}]}},"_links":{"self":[{"href":"https:\/\/www.testaworld.pl\/index.php\/wp-json\/wp\/v2\/pages\/35","targetHints":{"allow":["GET"]}}],"collection":[{"href":"https:\/\/www.testaworld.pl\/index.php\/wp-json\/wp\/v2\/pages"}],"about":[{"href":"https:\/\/www.testaworld.pl\/index.php\/wp-json\/wp\/v2\/types\/page"}],"author":[{"embeddable":true,"href":"https:\/\/www.testaworld.pl\/index.php\/wp-json\/wp\/v2\/users\/1"}],"replies":[{"embeddable":true,"href":"https:\/\/www.testaworld.pl\/index.php\/wp-json\/wp\/v2\/comments?post=35"}],"version-history":[{"count":12,"href":"https:\/\/www.testaworld.pl\/index.php\/wp-json\/wp\/v2\/pages\/35\/revisions"}],"predecessor-version":[{"id":1934,"href":"https:\/\/www.testaworld.pl\/index.php\/wp-json\/wp\/v2\/pages\/35\/revisions\/1934"}],"wp:attachment":[{"href":"https:\/\/www.testaworld.pl\/index.php\/wp-json\/wp\/v2\/media?parent=35"}],"curies":[{"name":"wp","href":"https:\/\/api.w.org\/{rel}","templated":true}]}}